{"id":3056,"date":"2023-03-28T13:06:05","date_gmt":"2023-03-28T12:06:05","guid":{"rendered":"https:\/\/enfancezeroviolence-ci.org\/?page_id=3056"},"modified":"2023-03-28T13:07:23","modified_gmt":"2023-03-28T12:07:23","slug":"accord-masculinite-positive","status":"publish","type":"page","link":"https:\/\/enfancezeroviolence-ci.org\/wp\/accord-masculinite-positive\/","title":{"rendered":"ACCORD MASCULINITE POSITIVE"},"content":{"rendered":"\t\t<div data-elementor-type=\"wp-page\" data-elementor-id=\"3056\" class=\"elementor elementor-3056\">\n\t\t\t\t\t\t<section class=\"elementor-section elementor-top-section elementor-element elementor-element-b8593f0 elementor-section-stretched elementor-section-boxed elementor-section-height-default elementor-section-height-default\" data-id=\"b8593f0\" data-element_type=\"section\" data-settings=\"{&quot;background_background&quot;:&quot;classic&quot;,&quot;stretch_section&quot;:&quot;section-stretched&quot;}\">\n\t\t\t\t\t\t<div class=\"elementor-container elementor-column-gap-default\">\n\t\t\t\t\t<div class=\"elementor-column elementor-col-100 elementor-top-column elementor-element elementor-element-378e4a7\" data-id=\"378e4a7\" data-element_type=\"column\">\n\t\t\t<div class=\"elementor-widget-wrap elementor-element-populated\">\n\t\t\t\t\t\t<div class=\"elementor-element elementor-element-f3d72cf elementor-widget elementor-widget-text-editor\" data-id=\"f3d72cf\" data-element_type=\"widget\" data-widget_type=\"text-editor.default\">\n\t\t\t\t<div class=\"elementor-widget-container\">\n\t\t\t\t\t\t\t\t\t<p style=\"text-align: left;\"><span style=\"color: #000000;\"><em>Merci d\u2019avoir pris connaissance de notre site, pour tester tes connaissances, DDE-CI propose un quizz dont les r\u00e9ponses seront \u00e9tudi\u00e9es de mani\u00e8re anonyme.<\/em><\/span><\/p><p><span style=\"color: #000000;\"><em>DDE-CI s\u2019engage \u00e0 recueillir le minimum d&#8217;informations personnelles. Le but de ce quizz est d&#8217;\u00e9valuer votre niveau de compr\u00e9hension des risques de violence en ligne.<\/em><\/span><\/p><p><span style=\"color: #000000;\"><em>&#8211; DDE-CI utilisera les informations partag\u00e9es de mani\u00e8re anonyme et dans le respect de la loi, seulement dans le cadre du projet Enfance sans Violence.<\/em><\/span><\/p><p><span style=\"color: #000000;\"><em>Ce quizz vous prendra 5 min. il peut y voir plusieurs bonnes r\u00e9ponses.<\/em><\/span><\/p>\t\t\t\t\t\t\t\t<\/div>\n\t\t\t\t<\/div>\n\t\t\t\t\t<\/div>\n\t\t<\/div>\n\t\t\t\t\t<\/div>\n\t\t<\/section>\n\t\t\t\t<section class=\"elementor-section elementor-top-section elementor-element elementor-element-f4d724b elementor-section-stretched elementor-section-boxed elementor-section-height-default elementor-section-height-default\" data-id=\"f4d724b\" data-element_type=\"section\" data-settings=\"{&quot;stretch_section&quot;:&quot;section-stretched&quot;,&quot;background_background&quot;:&quot;classic&quot;}\">\n\t\t\t\t\t\t<div class=\"elementor-container elementor-column-gap-default\">\n\t\t\t\t\t<div class=\"elementor-column elementor-col-100 elementor-top-column elementor-element elementor-element-f5e2d65\" data-id=\"f5e2d65\" data-element_type=\"column\" data-settings=\"{&quot;animation&quot;:&quot;none&quot;}\">\n\t\t\t<div class=\"elementor-widget-wrap elementor-element-populated\">\n\t\t\t\t\t\t<div class=\"elementor-element elementor-element-66c3e12 elementor-widget elementor-widget-shortcode\" data-id=\"66c3e12\" data-element_type=\"widget\" data-widget_type=\"shortcode.default\">\n\t\t\t\t<div class=\"elementor-widget-container\">\n\t\t\t\t\t\t\t<div class=\"elementor-shortcode\"><div class='fluentform ff-default fluentform_wrapper_6 ffs_default_wrap'><form data-form_id=\"6\" id=\"fluentform_6\" class=\"frm-fluent-form fluent_form_6 ff-el-form-top ff_form_instance_6_1 ff-form-loading ffs_default\" data-form_instance=\"ff_form_instance_6_1\" method=\"POST\" ><fieldset  style=\"border: none!important;margin: 0!important;padding: 0!important;background-color: transparent!important;box-shadow: none!important;outline: none!important; min-inline-size: 100%;\">\n                    <legend class=\"ff_screen_reader_title\" style=\"display: block; margin: 0!important;padding: 0!important;height: 0!important;text-indent: -999999px;width: 0!important;overflow:hidden;\">ACCORD MASCULINITE POSITIVE<\/legend><input type='hidden' name='__fluent_form_embded_post_id' value='3056' \/><input type=\"hidden\" id=\"_fluentform_6_fluentformnonce\" name=\"_fluentform_6_fluentformnonce\" value=\"aa6f7b4293\" \/><input type=\"hidden\" name=\"_wp_http_referer\" value=\"\/wp\/wp-json\/wp\/v2\/pages\/3056\" \/><div class='ff-el-group'><div class=\"ff-el-input--label ff-el-is-required asterisk-right\"><label  aria-label=\"Sexe :\">Sexe :<\/label><\/div><div class='ff-el-input--content'><div class='ff-el-form-check ff-el-form-check-'><label class='ff-el-form-check-label' for=input_radio_3860896b214f123a5142bdfbe695d823><input  type=\"radio\" name=\"input_radio\" data-name=\"input_radio\" class=\"ff-el-form-check-input ff-el-form-check-radio\" value=\"Masculin\"  id='input_radio_3860896b214f123a5142bdfbe695d823' aria-label='Masculin' aria-invalid='false' aria-required=true> <span>Masculin<\/span><\/label><\/div><div class='ff-el-form-check ff-el-form-check-'><label class='ff-el-form-check-label' for=input_radio_2f47f7cca690d839618db70d7ccb834e><input  type=\"radio\" name=\"input_radio\" data-name=\"input_radio\" class=\"ff-el-form-check-input ff-el-form-check-radio\" value=\"F\u00e9minin\"  id='input_radio_2f47f7cca690d839618db70d7ccb834e' aria-label='F\u00e9minin' aria-invalid='false' aria-required=true> <span>F\u00e9minin<\/span><\/label><\/div><\/div><\/div><div class='ff-el-group'><div class=\"ff-el-input--label ff-el-is-required asterisk-right\"><label  aria-label=\"Age :\">Age :<\/label><\/div><div class='ff-el-input--content'><div class='ff-el-form-check ff-el-form-check-'><label class='ff-el-form-check-label' for=input_radio_1_5a9b0d302a6f5ecba85b023e6d4e0694><input  type=\"radio\" name=\"input_radio_1\" data-name=\"input_radio_1\" class=\"ff-el-form-check-input ff-el-form-check-radio\" value=\"5 - 10 ans \"  id='input_radio_1_5a9b0d302a6f5ecba85b023e6d4e0694' aria-label='5 - 10 ans' aria-invalid='false' aria-required=true> <span>5 - 10 ans <\/span><\/label><\/div><div class='ff-el-form-check ff-el-form-check-'><label class='ff-el-form-check-label' for=input_radio_1_b4609a28ce41ef02654b0da23930ad4f><input  type=\"radio\" name=\"input_radio_1\" data-name=\"input_radio_1\" class=\"ff-el-form-check-input ff-el-form-check-radio\" value=\"11 \u2013 18 ans \"  id='input_radio_1_b4609a28ce41ef02654b0da23930ad4f' aria-label='11 \u2013 18 ans' aria-invalid='false' aria-required=true> <span>11 \u2013 18 ans <\/span><\/label><\/div><div class='ff-el-form-check ff-el-form-check-'><label class='ff-el-form-check-label' for=input_radio_1_64ab40ba740af1decec26469a17c41a1><input  type=\"radio\" name=\"input_radio_1\" data-name=\"input_radio_1\" class=\"ff-el-form-check-input ff-el-form-check-radio\" value=\"18 - 25 ans \"  id='input_radio_1_64ab40ba740af1decec26469a17c41a1' aria-label='18 - 25 ans' aria-invalid='false' aria-required=true> <span>18 - 25 ans <\/span><\/label><\/div><div class='ff-el-form-check ff-el-form-check-'><label class='ff-el-form-check-label' for=input_radio_1_4fe1a1d0055aa002b4fc028af36d9999><input  type=\"radio\" name=\"input_radio_1\" data-name=\"input_radio_1\" class=\"ff-el-form-check-input ff-el-form-check-radio\" value=\"Plus de 25 ans \"  id='input_radio_1_4fe1a1d0055aa002b4fc028af36d9999' aria-label='Plus de 25 ans' aria-invalid='false' aria-required=true> <span>Plus de 25 ans <\/span><\/label><\/div><\/div><\/div><div class='ff-el-group ff-text-left ff_submit_btn_wrapper'><button type=\"submit\" class=\"ff-btn ff-btn-submit ff-btn-md ff_btn_style\" >J\u2019AI COMPRIS ET JE SUIS D\u2019ACCORD POUR REPONDE A CE QUIZZ (lien cliquable)<\/button><\/div><\/fieldset><\/form><div id='fluentform_6_errors' class='ff-errors-in-stack ff_form_instance_6_1 ff-form-loading_errors ff_form_instance_6_1_errors'><\/div><\/div>        <script type=\"text\/javascript\">\n            window.fluent_form_ff_form_instance_6_1 = {\"id\":\"6\",\"settings\":{\"layout\":{\"labelPlacement\":\"top\",\"helpMessagePlacement\":\"with_label\",\"errorMessagePlacement\":\"inline\",\"cssClassName\":\"\",\"asteriskPlacement\":\"asterisk-right\"},\"restrictions\":{\"denyEmptySubmission\":{\"enabled\":false}}},\"form_instance\":\"ff_form_instance_6_1\",\"form_id_selector\":\"fluentform_6\",\"rules\":{\"input_radio\":{\"required\":{\"value\":true,\"message\":\"Ce champ est obligatoire\"}},\"input_radio_1\":{\"required\":{\"value\":true,\"message\":\"Ce champ est obligatoire\"}}},\"debounce_time\":300};\n                    <\/script>\n        <\/div>\n\t\t\t\t\t\t<\/div>\n\t\t\t\t<\/div>\n\t\t\t\t\t<\/div>\n\t\t<\/div>\n\t\t\t\t\t<\/div>\n\t\t<\/section>\n\t\t\t\t<\/div>\n\t\t","protected":false},"excerpt":{"rendered":"<p>Merci d\u2019avoir pris connaissance de notre site, pour tester tes connaissances, DDE-CI propose un quizz dont les r\u00e9ponses seront \u00e9tudi\u00e9es de mani\u00e8re anonyme. DDE-CI s\u2019engage \u00e0 recueillir le minimum d&#8217;informations personnelles. Le but de ce quizz est d&#8217;\u00e9valuer votre niveau de compr\u00e9hension des risques de violence en ligne. &#8211; DDE-CI utilisera les informations partag\u00e9es de [&hellip;]<\/p>\n","protected":false},"author":1,"featured_media":0,"parent":0,"menu_order":0,"comment_status":"closed","ping_status":"closed","template":"","meta":{"give_campaign_id":0,"footnotes":""},"class_list":["post-3056","page","type-page","status-publish","hentry"],"yoast_head":"<!-- This site is optimized with the Yoast SEO plugin v25.2 - https:\/\/yoast.com\/wordpress\/plugins\/seo\/ -->\n<title>ACCORD MASCULINITE POSITIVE - Enfance Z\u00e9ro Violence<\/title>\n<meta name=\"robots\" content=\"index, follow, max-snippet:-1, max-image-preview:large, max-video-preview:-1\" \/>\n<link rel=\"canonical\" href=\"https:\/\/enfancezeroviolence-ci.org\/wp\/accord-masculinite-positive\/\" \/>\n<meta property=\"og:locale\" content=\"fr_FR\" \/>\n<meta property=\"og:type\" content=\"article\" \/>\n<meta property=\"og:title\" content=\"ACCORD MASCULINITE POSITIVE - Enfance Z\u00e9ro Violence\" \/>\n<meta property=\"og:description\" content=\"Merci d\u2019avoir pris connaissance de notre site, pour tester tes connaissances, DDE-CI propose un quizz dont les r\u00e9ponses seront \u00e9tudi\u00e9es de mani\u00e8re anonyme. DDE-CI s\u2019engage \u00e0 recueillir le minimum d&#8217;informations personnelles. Le but de ce quizz est d&#8217;\u00e9valuer votre niveau de compr\u00e9hension des risques de violence en ligne. &#8211; DDE-CI utilisera les informations partag\u00e9es de [&hellip;]\" \/>\n<meta property=\"og:url\" content=\"https:\/\/enfancezeroviolence-ci.org\/wp\/accord-masculinite-positive\/\" \/>\n<meta property=\"og:site_name\" content=\"Enfance Z\u00e9ro Violence\" \/>\n<meta property=\"article:modified_time\" content=\"2023-03-28T12:07:23+00:00\" \/>\n<meta name=\"twitter:card\" content=\"summary_large_image\" \/>\n<meta name=\"twitter:label1\" content=\"Dur\u00e9e de lecture estim\u00e9e\" \/>\n\t<meta name=\"twitter:data1\" content=\"1 minute\" \/>\n<script type=\"application\/ld+json\" class=\"yoast-schema-graph\">{\"@context\":\"https:\/\/schema.org\",\"@graph\":[{\"@type\":\"WebPage\",\"@id\":\"https:\/\/enfancezeroviolence-ci.org\/wp\/accord-masculinite-positive\/\",\"url\":\"https:\/\/enfancezeroviolence-ci.org\/wp\/accord-masculinite-positive\/\",\"name\":\"ACCORD MASCULINITE POSITIVE - Enfance Z\u00e9ro Violence\",\"isPartOf\":{\"@id\":\"https:\/\/enfancezeroviolence-ci.org\/wp\/#website\"},\"datePublished\":\"2023-03-28T12:06:05+00:00\",\"dateModified\":\"2023-03-28T12:07:23+00:00\",\"breadcrumb\":{\"@id\":\"https:\/\/enfancezeroviolence-ci.org\/wp\/accord-masculinite-positive\/#breadcrumb\"},\"inLanguage\":\"fr-FR\",\"potentialAction\":[{\"@type\":\"ReadAction\",\"target\":[\"https:\/\/enfancezeroviolence-ci.org\/wp\/accord-masculinite-positive\/\"]}]},{\"@type\":\"BreadcrumbList\",\"@id\":\"https:\/\/enfancezeroviolence-ci.org\/wp\/accord-masculinite-positive\/#breadcrumb\",\"itemListElement\":[{\"@type\":\"ListItem\",\"position\":1,\"name\":\"Accueil\",\"item\":\"https:\/\/enfancezeroviolence-ci.org\/wp\/\"},{\"@type\":\"ListItem\",\"position\":2,\"name\":\"ACCORD MASCULINITE POSITIVE\"}]},{\"@type\":\"WebSite\",\"@id\":\"https:\/\/enfancezeroviolence-ci.org\/wp\/#website\",\"url\":\"https:\/\/enfancezeroviolence-ci.org\/wp\/\",\"name\":\"Enfance Z\u00e9ro Violence\",\"description\":\"\",\"potentialAction\":[{\"@type\":\"SearchAction\",\"target\":{\"@type\":\"EntryPoint\",\"urlTemplate\":\"https:\/\/enfancezeroviolence-ci.org\/wp\/?s={search_term_string}\"},\"query-input\":{\"@type\":\"PropertyValueSpecification\",\"valueRequired\":true,\"valueName\":\"search_term_string\"}}],\"inLanguage\":\"fr-FR\"}]}<\/script>\n<!-- \/ Yoast SEO plugin. -->","yoast_head_json":{"title":"ACCORD MASCULINITE POSITIVE - Enfance Z\u00e9ro Violence","robots":{"index":"index","follow":"follow","max-snippet":"max-snippet:-1","max-image-preview":"max-image-preview:large","max-video-preview":"max-video-preview:-1"},"canonical":"https:\/\/enfancezeroviolence-ci.org\/wp\/accord-masculinite-positive\/","og_locale":"fr_FR","og_type":"article","og_title":"ACCORD MASCULINITE POSITIVE - Enfance Z\u00e9ro Violence","og_description":"Merci d\u2019avoir pris connaissance de notre site, pour tester tes connaissances, DDE-CI propose un quizz dont les r\u00e9ponses seront \u00e9tudi\u00e9es de mani\u00e8re anonyme. DDE-CI s\u2019engage \u00e0 recueillir le minimum d&#8217;informations personnelles. Le but de ce quizz est d&#8217;\u00e9valuer votre niveau de compr\u00e9hension des risques de violence en ligne. &#8211; DDE-CI utilisera les informations partag\u00e9es de [&hellip;]","og_url":"https:\/\/enfancezeroviolence-ci.org\/wp\/accord-masculinite-positive\/","og_site_name":"Enfance Z\u00e9ro Violence","article_modified_time":"2023-03-28T12:07:23+00:00","twitter_card":"summary_large_image","twitter_misc":{"Dur\u00e9e de lecture estim\u00e9e":"1 minute"},"schema":{"@context":"https:\/\/schema.org","@graph":[{"@type":"WebPage","@id":"https:\/\/enfancezeroviolence-ci.org\/wp\/accord-masculinite-positive\/","url":"https:\/\/enfancezeroviolence-ci.org\/wp\/accord-masculinite-positive\/","name":"ACCORD MASCULINITE POSITIVE - Enfance Z\u00e9ro Violence","isPartOf":{"@id":"https:\/\/enfancezeroviolence-ci.org\/wp\/#website"},"datePublished":"2023-03-28T12:06:05+00:00","dateModified":"2023-03-28T12:07:23+00:00","breadcrumb":{"@id":"https:\/\/enfancezeroviolence-ci.org\/wp\/accord-masculinite-positive\/#breadcrumb"},"inLanguage":"fr-FR","potentialAction":[{"@type":"ReadAction","target":["https:\/\/enfancezeroviolence-ci.org\/wp\/accord-masculinite-positive\/"]}]},{"@type":"BreadcrumbList","@id":"https:\/\/enfancezeroviolence-ci.org\/wp\/accord-masculinite-positive\/#breadcrumb","itemListElement":[{"@type":"ListItem","position":1,"name":"Accueil","item":"https:\/\/enfancezeroviolence-ci.org\/wp\/"},{"@type":"ListItem","position":2,"name":"ACCORD MASCULINITE POSITIVE"}]},{"@type":"WebSite","@id":"https:\/\/enfancezeroviolence-ci.org\/wp\/#website","url":"https:\/\/enfancezeroviolence-ci.org\/wp\/","name":"Enfance Z\u00e9ro Violence","description":"","potentialAction":[{"@type":"SearchAction","target":{"@type":"EntryPoint","urlTemplate":"https:\/\/enfancezeroviolence-ci.org\/wp\/?s={search_term_string}"},"query-input":{"@type":"PropertyValueSpecification","valueRequired":true,"valueName":"search_term_string"}}],"inLanguage":"fr-FR"}]}},"campaignId":"","_links":{"self":[{"href":"https:\/\/enfancezeroviolence-ci.org\/wp\/wp-json\/wp\/v2\/pages\/3056","targetHints":{"allow":["GET"]}}],"collection":[{"href":"https:\/\/enfancezeroviolence-ci.org\/wp\/wp-json\/wp\/v2\/pages"}],"about":[{"href":"https:\/\/enfancezeroviolence-ci.org\/wp\/wp-json\/wp\/v2\/types\/page"}],"author":[{"embeddable":true,"href":"https:\/\/enfancezeroviolence-ci.org\/wp\/wp-json\/wp\/v2\/users\/1"}],"replies":[{"embeddable":true,"href":"https:\/\/enfancezeroviolence-ci.org\/wp\/wp-json\/wp\/v2\/comments?post=3056"}],"version-history":[{"count":4,"href":"https:\/\/enfancezeroviolence-ci.org\/wp\/wp-json\/wp\/v2\/pages\/3056\/revisions"}],"predecessor-version":[{"id":3060,"href":"https:\/\/enfancezeroviolence-ci.org\/wp\/wp-json\/wp\/v2\/pages\/3056\/revisions\/3060"}],"wp:attachment":[{"href":"https:\/\/enfancezeroviolence-ci.org\/wp\/wp-json\/wp\/v2\/media?parent=3056"}],"curies":[{"name":"wp","href":"https:\/\/api.w.org\/{rel}","templated":true}]}}